{"id":16472,"date":"2017-02-15T09:06:49","date_gmt":"2017-02-15T08:06:49","guid":{"rendered":"https:\/\/www.lemariage.pl\/news\/?page_id=16472"},"modified":"2025-12-20T16:29:55","modified_gmt":"2025-12-20T15:29:55","slug":"salon-sukien-slubnych-bytom","status":"publish","type":"page","link":"https:\/\/www.lemariage.pl\/news\/salon-sukien-slubnych-bytom\/","title":{"rendered":"Salon sukien \u015blubnych Bytom"},"content":{"rendered":"<h1>Suknie \u015blubne<\/h1>\n<h3>Salon Le mariage<\/h3>\n<h3>BYTOM<\/h3>\n<h3>ul. Powsta\u0144c\u00f3w Warszawskich 22<\/h3>\n<h4>Wizyt\u0119 w salonie mo\u017cna um\u00f3wi\u0107 przez link https:\/\/lemariage.pl\/kalendarz\/<br \/>\nmo\u017cna r\u00f3wnie\u017c poprzez SMS\/WhatsApp<\/h4>\n<h3><a href=\"\u201dtel:504297858\u2033\">tel. 504 297 858<\/a><\/h3>\n<h3>mail: <a href=\"mailto:suknie.lemariage@gmail.com\">suknie.lemariage@gmail.com<\/a><\/h3>\n<p>Po suknie \u015blubne Panny M\u0142ode z miast Zabrze, Chorz\u00f3w, Piekary \u015al\u0105skie, Tarnowskie G\u00f3ry powinny kierowa\u0107 si\u0119 w stron\u0119 centrum Bytomia w okolice dworca PKP, PKM. Nasz salon znajduje si\u0119 przy ulicy Powsta\u0144c\u00f3w Warszawskich 22 &#8211; prostopad\u0142ej do dworca.<\/p>\n<p>Tu\u017c za ul Moniuszki, gdzie tory tramwajowe przecinaj\u0105 ul. Powsta\u0144c\u00f3w Warszawskich jest nasz salon \u015blubny Le Mariage.<\/p>\n<p>Miejsca parkingowe znajduj\u0105 si\u0119 wzd\u0142u\u017c ulicy po prawej stronie.<\/p>\n<p>Panie jad\u0105ce z miast Katowice, Miko\u0142\u00f3w, Gliwice, Siemianowice \u015al\u0105skie, Czelad\u017a dojad\u0105 do nas w ok 20 minut drogami nr 94 lub 79 lub 11.<\/p>\n<p>Po sukni\u0119 \u015blubn\u0105 z miast Lubliniec, Kluczbork, Olesno, Miasteczko \u015al\u0105skie nale\u017cy jecha\u0107 drog\u0105 nr 11.<\/p>\n<p>Aby dojecha\u0107 do naszego salonu z miast Rybnik, Bielsko Bia\u0142a O\u015bwi\u0119cim, \u017bory, Pszczyna, Mys\u0142owice, Jaworzno, Orzesze, Czelad\u017a\u00a0 najlepiej skorzysta\u0107 z autostrad A4 i A1.<\/p>\n<p>Nasz salon \u015blubny znajduje si\u0119 8 minut od zjazdu z autostrady A1 w Bytomiu.<\/p>\n<p>Dojazd autobusem<\/p>\n<p>Z Katowic, Tarnowskich G\u00f3r, Chorzowa lini\u0105 820 dojecha\u0107 mo\u017cna do dworca w Bytomiu. Od dworca wzd\u0142u\u017c ulicy Powsta\u0144c\u00f3w Warszawskich, do salonu Le Mariage mamy ok 10 min .<\/p>\n<p>Z Gliwic do Bytomia kursuje linia 850. Nast\u0119pnie ul. Powsta\u0144c\u00f3w Warszawskich w 10min dojdziemy do salonu Le Mariage.<\/p>\n","protected":false},"excerpt":{"rendered":"<p>Suknie \u015blubne Salon Le mariage BYTOM ul. Powsta\u0144c\u00f3w Warszawskich 22 Wizyt\u0119 w salonie mo\u017cna um\u00f3wi\u0107 przez link https:\/\/lemariage.pl\/kalendarz\/ mo\u017cna r\u00f3wnie\u017c poprzez SMS\/WhatsApp tel. 504 297 858 mail: suknie.lemariage@gmail.com Po suknie \u015blubne Panny M\u0142ode z miast Zabrze, Chorz\u00f3w, Piekary \u015al\u0105skie, Tarnowskie G\u00f3ry powinny kierowa\u0107 si\u0119 w stron\u0119 centrum Bytomia w okolice dworca PKP, PKM. Nasz salon [&hellip;]<\/p>\n","protected":false},"author":1,"featured_media":0,"parent":0,"menu_order":0,"comment_status":"closed","ping_status":"closed","template":"full_width.php","meta":{"_uag_custom_page_level_css":"","site-sidebar-layout":"default","site-content-layout":"","ast-site-content-layout":"default","site-content-style":"default","site-sidebar-style":"default","ast-global-header-display":"","ast-banner-title-visibility":"","ast-main-header-display":"","ast-hfb-above-header-display":"","ast-hfb-below-header-display":"","ast-hfb-mobile-header-display":"","site-post-title":"","ast-breadcrumbs-content":"","ast-featured-img":"","footer-sml-layout":"","ast-disable-related-posts":"","theme-transparent-header-meta":"","adv-header-id-meta":"","stick-header-meta":"","header-above-stick-meta":"","header-main-stick-meta":"","header-below-stick-meta":"","astra-migrate-meta-layouts":"default","ast-page-background-enabled":"default","ast-page-background-meta":{"desktop":{"background-color":"var(--ast-global-color-5)","background-image":"","background-repeat":"repeat","background-position":"center center","background-size":"auto","background-attachment":"scroll","background-type":"","background-media":"","overlay-type":"","overlay-color":"","overlay-opacity":"","overlay-gradient":""},"tablet":{"background-color":"","background-image":"","background-repeat":"repeat","background-position":"center center","background-size":"auto","background-attachment":"scroll","background-type":"","background-media":"","overlay-type":"","overlay-color":"","overlay-opacity":"","overlay-gradient":""},"mobile":{"background-color":"","background-image":"","background-repeat":"repeat","background-position":"center center","background-size":"auto","background-attachment":"scroll","background-type":"","background-media":"","overlay-type":"","overlay-color":"","overlay-opacity":"","overlay-gradient":""}},"ast-content-background-meta":{"desktop":{"background-color":"var(--ast-global-color-4)","background-image":"","background-repeat":"repeat","background-position":"center center","background-size":"auto","background-attachment":"scroll","background-type":"","background-media":"","overlay-type":"","overlay-color":"","overlay-opacity":"","overlay-gradient":""},"tablet":{"background-color":"var(--ast-global-color-4)","background-image":"","background-repeat":"repeat","background-position":"center center","background-size":"auto","background-attachment":"scroll","background-type":"","background-media":"","overlay-type":"","overlay-color":"","overlay-opacity":"","overlay-gradient":""},"mobile":{"background-color":"var(--ast-global-color-4)","background-image":"","background-repeat":"repeat","background-position":"center center","background-size":"auto","background-attachment":"scroll","background-type":"","background-media":"","overlay-type":"","overlay-color":"","overlay-opacity":"","overlay-gradient":""}},"footnotes":""},"class_list":["post-16472","page","type-page","status-publish","hentry"],"spectra_custom_meta":{"_vc_post_settings":["a:1:{s:10:\"vc_grid_id\";a:0:{}}"],"_edit_last":["1"],"_edit_lock":["1766244593:1"],"_wp_page_template":["full_width.php"],"slide_template":["default"],"_wpb_vc_js_status":["true"],"qode_animate-page-title":["no"],"qode_show-sidebar":["default"],"qode_show-page-title":["yes"],"qode_header-style":["dark"],"qode_header_color_per_page":["#ffffff"],"qode_page_hide_initial_sticky":["yes"],"qode_margin_after_title":["100"],"qode_seo_title":["Salon sukni \u015blubnych Le Mariage Bytom"],"qode_seo_keywords":["suknie \u015blubne, salon sukni \u015blubnych"],"qode_seo_description":["Salon sukni \u015blubnych Le Mariage Bytom, w centrum aglomeracji \u015bl\u0105skiej. Doskona\u0142y dojazd od miast: Katowice, Chorz\u00f3w, Tarnowskie G\u00f3ry, Sosnowiec, Pani\u00f3wki, Miko\u0142\u00f3w"],"qode_revolution-slider":["0"],"_wpb_shortcodes_custom_css":[".vc_custom_1699996276372{margin-top: 50px !important;margin-right: 20px !important;margin-left: 20px !important;}.vc_custom_1487283990216{border-bottom-width: 50px !important;}.vc_custom_1487281692409{padding-top: 30px !important;}"],"_qode-like":["0"],"_uag_page_assets":["a:9:{s:3:\"css\";s:0:\"\";s:2:\"js\";s:0:\"\";s:18:\"current_block_list\";a:0:{}s:8:\"uag_flag\";b:0;s:11:\"uag_version\";s:10:\"1774472038\";s:6:\"gfonts\";a:0:{}s:10:\"gfonts_url\";s:0:\"\";s:12:\"gfonts_files\";a:0:{}s:14:\"uag_faq_layout\";b:0;}"]},"uagb_featured_image_src":{"full":false,"thumbnail":false,"medium":false,"medium_large":false,"large":false,"1536x1536":false,"2048x2048":false},"uagb_author_info":{"display_name":"jacek","author_link":"https:\/\/www.lemariage.pl\/news\/author\/jacek\/"},"uagb_comment_info":0,"uagb_excerpt":"Suknie \u015blubne Salon Le mariage BYTOM ul. Powsta\u0144c\u00f3w Warszawskich 22 Wizyt\u0119 w salonie mo\u017cna um\u00f3wi\u0107 przez link https:\/\/lemariage.pl\/kalendarz\/ mo\u017cna r\u00f3wnie\u017c poprzez SMS\/WhatsApp tel. 504 297 858 mail: suknie.lemariage@gmail.com Po suknie \u015blubne Panny M\u0142ode z miast Zabrze, Chorz\u00f3w, Piekary \u015al\u0105skie, Tarnowskie G\u00f3ry powinny kierowa\u0107 si\u0119 w stron\u0119 centrum Bytomia w okolice dworca PKP, PKM. Nasz salon&hellip;","_links":{"self":[{"href":"https:\/\/www.lemariage.pl\/news\/wp-json\/wp\/v2\/pages\/16472","targetHints":{"allow":["GET"]}}],"collection":[{"href":"https:\/\/www.lemariage.pl\/news\/wp-json\/wp\/v2\/pages"}],"about":[{"href":"https:\/\/www.lemariage.pl\/news\/wp-json\/wp\/v2\/types\/page"}],"author":[{"embeddable":true,"href":"https:\/\/www.lemariage.pl\/news\/wp-json\/wp\/v2\/users\/1"}],"replies":[{"embeddable":true,"href":"https:\/\/www.lemariage.pl\/news\/wp-json\/wp\/v2\/comments?post=16472"}],"version-history":[{"count":56,"href":"https:\/\/www.lemariage.pl\/news\/wp-json\/wp\/v2\/pages\/16472\/revisions"}],"predecessor-version":[{"id":17156,"href":"https:\/\/www.lemariage.pl\/news\/wp-json\/wp\/v2\/pages\/16472\/revisions\/17156"}],"wp:attachment":[{"href":"https:\/\/www.lemariage.pl\/news\/wp-json\/wp\/v2\/media?parent=16472"}],"curies":[{"name":"wp","href":"https:\/\/api.w.org\/{rel}","templated":true}]}}